{"id":71,"date":"2018-12-10T17:09:05","date_gmt":"2018-12-10T17:09:05","guid":{"rendered":"http:\/\/cpsecosolutions.pt\/?page_id=71"},"modified":"2018-12-20T11:46:58","modified_gmt":"2018-12-20T11:46:58","slug":"o-que-fazemos","status":"publish","type":"page","link":"https:\/\/cpsecosolutions.pt\/index.php\/o-que-fazemos\/","title":{"rendered":"O que fazemos?"},"content":{"rendered":"\t\t<div data-elementor-type=\"wp-post\" data-elementor-id=\"71\" class=\"elementor elementor-71 elementor-bc-flex-widget\">\n\t\t\t\t\t\t<section class=\"elementor-section elementor-top-section elementor-element elementor-element-31b5b6e elementor-section-stretched elementor-section-boxed elementor-section-height-default elementor-section-height-default\" data-id=\"31b5b6e\" data-element_type=\"section\" data-settings=\"{&quot;stretch_section&quot;:&quot;section-stretched&quot;}\">\n\t\t\t\t\t\t<div class=\"elementor-container elementor-column-gap-default\">\n\t\t\t\t\t<div class=\"elementor-column elementor-col-100 elementor-top-column elementor-element elementor-element-693c470\" data-id=\"693c470\" data-element_type=\"column\">\n\t\t\t<div class=\"elementor-widget-wrap elementor-element-populated\">\n\t\t\t\t\t\t<div class=\"elementor-element elementor-element-3955f00 elementor-widget elementor-widget-image\" data-id=\"3955f00\" data-element_type=\"widget\" data-widget_type=\"image.default\">\n\t\t\t\t<div class=\"elementor-widget-container\">\n\t\t\t\t\t\t\t\t\t\t\t\t\t\t\t<img fetchpriority=\"high\" decoding=\"async\" width=\"728\" height=\"90\" src=\"https:\/\/cpsecosolutions.pt\/wp-content\/uploads\/2018\/12\/ad-large.jpg\" class=\"attachment-full size-full wp-image-12\" alt=\"\" srcset=\"https:\/\/cpsecosolutions.pt\/wp-content\/uploads\/2018\/12\/ad-large.jpg 728w, https:\/\/cpsecosolutions.pt\/wp-content\/uploads\/2018\/12\/ad-large-300x37.jpg 300w\" sizes=\"(max-width: 728px) 100vw, 728px\" \/>\t\t\t\t\t\t\t\t\t\t\t\t\t\t\t<\/div>\n\t\t\t\t<\/div>\n\t\t\t\t\t<\/div>\n\t\t<\/div>\n\t\t\t\t\t<\/div>\n\t\t<\/section>\n\t\t\t\t<section class=\"elementor-section elementor-top-section elementor-element elementor-element-48a elementor-section-boxed elementor-section-height-default elementor-section-height-default\" data-id=\"48a\" data-element_type=\"section\">\n\t\t\t\t\t\t<div class=\"elementor-container elementor-column-gap-default\">\n\t\t\t\t\t<div class=\"elementor-column elementor-col-100 elementor-top-column elementor-element elementor-element-28f\" data-id=\"28f\" data-element_type=\"column\">\n\t\t\t<div class=\"elementor-widget-wrap elementor-element-populated\">\n\t\t\t\t\t\t<div class=\"elementor-element elementor-element-962ef1c elementor-widget elementor-widget-heading\" data-id=\"962ef1c\" data-element_type=\"widget\" data-widget_type=\"heading.default\">\n\t\t\t\t<div class=\"elementor-widget-container\">\n\t\t\t\t\t<h2 class=\"elementor-heading-title elementor-size-default\">O que fazemos?<\/h2>\t\t\t\t<\/div>\n\t\t\t\t<\/div>\n\t\t\t\t<div class=\"elementor-element elementor-element-5287 elementor-widget elementor-widget-text-editor\" data-id=\"5287\" data-element_type=\"widget\" data-widget_type=\"text-editor.default\">\n\t\t\t\t<div class=\"elementor-widget-container\">\n\t\t\t\t\t\t\t\t\t\n<p>O&nbsp;<strong>Lorem Ipsum<\/strong>&nbsp;\u00e9 um texto modelo da ind\u00fastria tipogr\u00e1fica e de impress\u00e3o. O Lorem Ipsum tem vindo a ser o texto padr\u00e3o usado por estas ind\u00fastrias desde o ano de 1500, quando uma misturou os caracteres de um texto para criar um esp\u00e9cime de livro. Este texto n\u00e3o s\u00f3 sobreviveu 5 s\u00e9culos, mas tamb\u00e9m o salto para a tipografia electr\u00f3nica, mantendo-se essencialmente inalterada. Foi popularizada nos anos 60 com a disponibiliza\u00e7\u00e3o das folhas de Letraset, que continham passagens com Lorem Ipsum, e mais recentemente com os programas de publica\u00e7\u00e3o como o Aldus PageMaker que incluem vers\u00f5es do Lorem Ipsum.<\/p>\n\t\t\t\t\t\t\t\t<\/div>\n\t\t\t\t<\/div>\n\t\t\t\t\t<\/div>\n\t\t<\/div>\n\t\t\t\t\t<\/div>\n\t\t<\/section>\n\t\t\t\t<\/div>\n\t\t","protected":false},"excerpt":{"rendered":"<p>O que fazemos? O&nbsp;Lorem Ipsum&nbsp;\u00e9 um texto modelo da ind\u00fastria tipogr\u00e1fica e de impress\u00e3o. O Lorem Ipsum tem vindo a<\/p>\n","protected":false},"author":1,"featured_media":0,"parent":0,"menu_order":0,"comment_status":"closed","ping_status":"closed","template":"","meta":{"footnotes":""},"class_list":["post-71","page","type-page","status-publish","hentry"],"_links":{"self":[{"href":"https:\/\/cpsecosolutions.pt\/index.php\/wp-json\/wp\/v2\/pages\/71","targetHints":{"allow":["GET"]}}],"collection":[{"href":"https:\/\/cpsecosolutions.pt\/index.php\/wp-json\/wp\/v2\/pages"}],"about":[{"href":"https:\/\/cpsecosolutions.pt\/index.php\/wp-json\/wp\/v2\/types\/page"}],"author":[{"embeddable":true,"href":"https:\/\/cpsecosolutions.pt\/index.php\/wp-json\/wp\/v2\/users\/1"}],"replies":[{"embeddable":true,"href":"https:\/\/cpsecosolutions.pt\/index.php\/wp-json\/wp\/v2\/comments?post=71"}],"version-history":[{"count":3,"href":"https:\/\/cpsecosolutions.pt\/index.php\/wp-json\/wp\/v2\/pages\/71\/revisions"}],"predecessor-version":[{"id":98,"href":"https:\/\/cpsecosolutions.pt\/index.php\/wp-json\/wp\/v2\/pages\/71\/revisions\/98"}],"wp:attachment":[{"href":"https:\/\/cpsecosolutions.pt\/index.php\/wp-json\/wp\/v2\/media?parent=71"}],"curies":[{"name":"wp","href":"https:\/\/api.w.org\/{rel}","templated":true}]}}